{"id":7,"date":"2014-07-25T12:54:02","date_gmt":"2014-07-25T10:54:02","guid":{"rendered":"https:\/\/mysterium24.se\/?page_id=7"},"modified":"2026-02-20T18:47:17","modified_gmt":"2026-02-20T17:47:17","slug":"om-mysterium24","status":"publish","type":"page","link":"https:\/\/mysterium24.se\/?page_id=7","title":{"rendered":"Om Mysterium24"},"content":{"rendered":"<p>H\u00e4r bloggas om olika former av mysterier men ibland om helt andra saker.<br \/>\nTips, uppslag, id\u00e9er, synpunkter kan \u00f6verf\u00f6ras med <a href=\"https:\/\/mysterium24.se\/?page_id=1310\">kontaktformul\u00e4ret<\/a> (ja du kan vara anonym).<br \/>\nVill du skicka dokument eller bilder till bloggen s\u00e5 kan det g\u00f6ras p\u00e5 sidan <a href=\"https:\/\/mysterium24.se\/?page_id=2429\">filuppladdning<\/a>.<\/p>\n<p>Ibland \u00e4r inl\u00e4gg klistrade \u00f6verst (\u201dsticky post\u201d), de visas i s\u00e5 fall \u00f6verst \u00e4ven om nyare inl\u00e4gg har publicerats.<\/p>\n<hr \/>\n<hr \/>\n<p>&nbsp;<\/p>\n","protected":false},"excerpt":{"rendered":"<p>H\u00e4r bloggas om olika former av mysterier men ibland om helt andra saker. Tips, uppslag, id\u00e9er, synpunkter kan \u00f6verf\u00f6ras med kontaktformul\u00e4ret (ja du kan vara anonym). Vill du skicka dokument eller bilder till bloggen s\u00e5 kan det g\u00f6ras p\u00e5 sidan filuppladdning. Ibland \u00e4r inl\u00e4gg klistrade \u00f6verst (\u201dsticky post\u201d), de visas i s\u00e5 fall \u00f6verst \u00e4ven [&hellip;]<\/p>\n","protected":false},"author":1,"featured_media":0,"parent":0,"menu_order":0,"comment_status":"closed","ping_status":"closed","template":"","meta":{"footnotes":""},"class_list":["post-7","page","type-page","status-publish","hentry"],"_links":{"self":[{"href":"https:\/\/mysterium24.se\/index.php?rest_route=\/wp\/v2\/pages\/7","targetHints":{"allow":["GET"]}}],"collection":[{"href":"https:\/\/mysterium24.se\/index.php?rest_route=\/wp\/v2\/pages"}],"about":[{"href":"https:\/\/mysterium24.se\/index.php?rest_route=\/wp\/v2\/types\/page"}],"author":[{"embeddable":true,"href":"https:\/\/mysterium24.se\/index.php?rest_route=\/wp\/v2\/users\/1"}],"replies":[{"embeddable":true,"href":"https:\/\/mysterium24.se\/index.php?rest_route=%2Fwp%2Fv2%2Fcomments&post=7"}],"version-history":[{"count":0,"href":"https:\/\/mysterium24.se\/index.php?rest_route=\/wp\/v2\/pages\/7\/revisions"}],"wp:attachment":[{"href":"https:\/\/mysterium24.se\/index.php?rest_route=%2Fwp%2Fv2%2Fmedia&parent=7"}],"curies":[{"name":"wp","href":"https:\/\/api.w.org\/{rel}","templated":true}]}}